{"id":432,"date":"2016-05-26T11:55:11","date_gmt":"2016-05-26T11:55:11","guid":{"rendered":"http:\/\/ld-wp.template-help.com\/wordpress_60085-sample\/?page_id=432"},"modified":"2018-05-08T21:01:28","modified_gmt":"2018-05-08T19:01:28","slug":"dressage","status":"publish","type":"page","link":"https:\/\/reitanlage-hoffmann.de\/?page_id=432","title":{"rendered":"Ausreiten ins Gel\u00e4nde"},"content":{"rendered":"<p>&nbsp; Ausreiten ins Gel\u00e4nde Rund um unsere Anlage gibt es ein\u00a0gro\u00dfz\u00fcgiges Ausreitgel\u00e4nde. Ob sie \u00fcber die offenen Felder reiten m\u00f6chten oder lieber im schattigen Wald, beides ist m\u00f6glich und bietet eine optimale Abwechslung zur t\u00e4glichen Arbeit in der Reithalle. F\u00fcr di <a href=\"https:\/\/reitanlage-hoffmann.de\/?page_id=432\" title=\"Read more on Ausreiten ins Gel\u00e4nde\" class=\"more-link\">read more<\/a><\/p>\n","protected":false},"excerpt":{"rendered":"<p>&nbsp; Ausreiten ins Gel\u00e4nde Rund um unsere Anlage gibt es ein\u00a0gro\u00dfz\u00fcgiges Ausreitgel\u00e4nde. Ob sie \u00fcber die offenen Felder reiten m\u00f6chten oder lieber im schattigen Wald, beides ist m\u00f6glich und bietet eine optimale Abwechslung zur t\u00e4glichen Arbeit in der Reithalle. F\u00fcr di read more<\/p>\n","protected":false},"author":1,"featured_media":0,"parent":0,"menu_order":0,"comment_status":"closed","ping_status":"closed","template":"","meta":[],"_links":{"self":[{"href":"https:\/\/reitanlage-hoffmann.de\/index.php?rest_route=\/wp\/v2\/pages\/432"}],"collection":[{"href":"https:\/\/reitanlage-hoffmann.de\/index.php?rest_route=\/wp\/v2\/pages"}],"about":[{"href":"https:\/\/reitanlage-hoffmann.de\/index.php?rest_route=\/wp\/v2\/types\/page"}],"author":[{"embeddable":true,"href":"https:\/\/reitanlage-hoffmann.de\/index.php?rest_route=\/wp\/v2\/users\/1"}],"replies":[{"embeddable":true,"href":"https:\/\/reitanlage-hoffmann.de\/index.php?rest_route=%2Fwp%2Fv2%2Fcomments&post=432"}],"version-history":[{"count":10,"href":"https:\/\/reitanlage-hoffmann.de\/index.php?rest_route=\/wp\/v2\/pages\/432\/revisions"}],"predecessor-version":[{"id":3662,"href":"https:\/\/reitanlage-hoffmann.de\/index.php?rest_route=\/wp\/v2\/pages\/432\/revisions\/3662"}],"wp:attachment":[{"href":"https:\/\/reitanlage-hoffmann.de\/index.php?rest_route=%2Fwp%2Fv2%2Fmedia&parent=432"}],"curies":[{"name":"wp","href":"https:\/\/api.w.org\/{rel}","templated":true}]}}