{"id":1667,"date":"2016-07-14T16:33:09","date_gmt":"2016-07-14T16:33:09","guid":{"rendered":"http:\/\/ld-wp.template-help.com\/wordpress_60085-sample\/?page_id=1667"},"modified":"2018-05-11T11:37:57","modified_gmt":"2018-05-11T09:37:57","slug":"racing","status":"publish","type":"page","link":"https:\/\/reitanlage-hoffmann.de\/?page_id=1667","title":{"rendered":"F\u00fctterung"},"content":{"rendered":"<p>&nbsp; F\u00fctterung &nbsp; Wir erzeugen unser Raufutter und Stroh selber, denn nur so k\u00f6nnen wir eine einwandfreie Qualit\u00e4t sicherstellen. Dabei legen wir besonderen Wert darauf immer die beste Qualit\u00e4t zu erzeugen. Um dies Sicherzustellen haben wir einen Maschinenpark mit <a href=\"https:\/\/reitanlage-hoffmann.de\/?page_id=1667\" title=\"Read more on F\u00fctterung\" class=\"more-link\">read more<\/a><\/p>\n","protected":false},"excerpt":{"rendered":"<p>&nbsp; F\u00fctterung &nbsp; Wir erzeugen unser Raufutter und Stroh selber, denn nur so k\u00f6nnen wir eine einwandfreie Qualit\u00e4t sicherstellen. Dabei legen wir besonderen Wert darauf immer die beste Qualit\u00e4t zu erzeugen. Um dies Sicherzustellen haben wir einen Maschinenpark mit read more<\/p>\n","protected":false},"author":1,"featured_media":0,"parent":0,"menu_order":0,"comment_status":"closed","ping_status":"closed","template":"","meta":[],"_links":{"self":[{"href":"https:\/\/reitanlage-hoffmann.de\/index.php?rest_route=\/wp\/v2\/pages\/1667"}],"collection":[{"href":"https:\/\/reitanlage-hoffmann.de\/index.php?rest_route=\/wp\/v2\/pages"}],"about":[{"href":"https:\/\/reitanlage-hoffmann.de\/index.php?rest_route=\/wp\/v2\/types\/page"}],"author":[{"embeddable":true,"href":"https:\/\/reitanlage-hoffmann.de\/index.php?rest_route=\/wp\/v2\/users\/1"}],"replies":[{"embeddable":true,"href":"https:\/\/reitanlage-hoffmann.de\/index.php?rest_route=%2Fwp%2Fv2%2Fcomments&post=1667"}],"version-history":[{"count":14,"href":"https:\/\/reitanlage-hoffmann.de\/index.php?rest_route=\/wp\/v2\/pages\/1667\/revisions"}],"predecessor-version":[{"id":3710,"href":"https:\/\/reitanlage-hoffmann.de\/index.php?rest_route=\/wp\/v2\/pages\/1667\/revisions\/3710"}],"wp:attachment":[{"href":"https:\/\/reitanlage-hoffmann.de\/index.php?rest_route=%2Fwp%2Fv2%2Fmedia&parent=1667"}],"curies":[{"name":"wp","href":"https:\/\/api.w.org\/{rel}","templated":true}]}}