{"id":1249,"date":"2016-06-20T08:46:35","date_gmt":"2016-06-20T08:46:35","guid":{"rendered":"http:\/\/ld-wp.template-help.com\/wordpress_60085-sample\/?page_id=1249"},"modified":"2018-05-11T11:24:04","modified_gmt":"2018-05-11T09:24:04","slug":"kids-training","status":"publish","type":"page","link":"https:\/\/reitanlage-hoffmann.de\/?page_id=1249","title":{"rendered":"Stallungen"},"content":{"rendered":"<p>&nbsp; Stallungen &nbsp; Unsere Stallungen bestehen aus dem Hauptstall mit\u00a0zw\u00f6lf Paddock Boxen und\u00a0achtzehn\u00a0Boxen mit gro\u00dfen Fenstern durch die die Pferde rausschauen k\u00f6nnen. Der Hauptstall enth\u00e4lt einen Putzplatz f\u00fcr drei Pferde und die Sattelkammer in der jeder Einste <a href=\"https:\/\/reitanlage-hoffmann.de\/?page_id=1249\" title=\"Read more on Stallungen\" class=\"more-link\">read more<\/a><\/p>\n","protected":false},"excerpt":{"rendered":"<p>&nbsp; Stallungen &nbsp; Unsere Stallungen bestehen aus dem Hauptstall mit\u00a0zw\u00f6lf Paddock Boxen und\u00a0achtzehn\u00a0Boxen mit gro\u00dfen Fenstern durch die die Pferde rausschauen k\u00f6nnen. Der Hauptstall enth\u00e4lt einen Putzplatz f\u00fcr drei Pferde und die Sattelkammer in der jeder Einste read more<\/p>\n","protected":false},"author":1,"featured_media":0,"parent":0,"menu_order":0,"comment_status":"closed","ping_status":"closed","template":"","meta":[],"_links":{"self":[{"href":"https:\/\/reitanlage-hoffmann.de\/index.php?rest_route=\/wp\/v2\/pages\/1249"}],"collection":[{"href":"https:\/\/reitanlage-hoffmann.de\/index.php?rest_route=\/wp\/v2\/pages"}],"about":[{"href":"https:\/\/reitanlage-hoffmann.de\/index.php?rest_route=\/wp\/v2\/types\/page"}],"author":[{"embeddable":true,"href":"https:\/\/reitanlage-hoffmann.de\/index.php?rest_route=\/wp\/v2\/users\/1"}],"replies":[{"embeddable":true,"href":"https:\/\/reitanlage-hoffmann.de\/index.php?rest_route=%2Fwp%2Fv2%2Fcomments&post=1249"}],"version-history":[{"count":10,"href":"https:\/\/reitanlage-hoffmann.de\/index.php?rest_route=\/wp\/v2\/pages\/1249\/revisions"}],"predecessor-version":[{"id":3709,"href":"https:\/\/reitanlage-hoffmann.de\/index.php?rest_route=\/wp\/v2\/pages\/1249\/revisions\/3709"}],"wp:attachment":[{"href":"https:\/\/reitanlage-hoffmann.de\/index.php?rest_route=%2Fwp%2Fv2%2Fmedia&parent=1249"}],"curies":[{"name":"wp","href":"https:\/\/api.w.org\/{rel}","templated":true}]}}